{"id":157,"date":"2012-09-03T10:46:20","date_gmt":"2012-09-03T10:46:20","guid":{"rendered":"http:\/\/wp.dipxx.com\/?page_id=157"},"modified":"2012-09-11T12:07:15","modified_gmt":"2012-09-11T12:07:15","slug":"157-2","status":"publish","type":"page","link":"https:\/\/prima-presse.de\/?page_id=157","title":{"rendered":"Pressearbeit"},"content":{"rendered":"<h1>Prima-Pressearbeit<br \/>\n<em> \u2013 intelligent, erfolgreich, \u00fcberregional, auflagenstark<\/em><\/h1>\n<p>Prima-Presse bringt Jahrelange journalistische und redaktionelle Erfahrungen mit und pflegt enge Kontakte zu den Ansprechpartnern aus den Medien.<\/p>\n<p>Je nach Zielgruppe der Produkte findet Prima-Presse den richtigen Verteiler, macht Ihren K\u00fcnstler noch bekannter und bringt ihr Produkt zum richtigen Zeitpunkt erstmals oder zur\u00fcck ins Gespr\u00e4ch.<\/p>\n<p>Prima-Presse ist spezialisiert auf bunte Themen.<\/p>\n<p><em>Beispiele<\/em><\/p>\n<ul>\n<li><a title=\"Konny Reimann, Deutschlands ber\u00fchmtester Auswanderer\" href=\"https:\/\/prima-presse.de\/?page_id=265\">Konny Reimann, Deutschlands ber\u00fchmtester Auswanderer<\/a><\/li>\n<li><a title=\"Film, DVD oder Bluray\" href=\"https:\/\/prima-presse.de\/?page_id=270\">Film, DVD oder Bluray<\/a><\/li>\n<li><a title=\"Kinderthemen aller Art\" href=\"https:\/\/prima-presse.de\/?page_id=278\">Presse-Promotion f\u00fcr Kinderthemen aller Art<\/a><\/li>\n<\/ul>\n<p>&nbsp;<\/p>\n","protected":false},"excerpt":{"rendered":"<p>Prima-Pressearbeit \u2013 intelligent, erfolgreich, \u00fcberregional, auflagenstark Prima-Presse bringt Jahrelange journalistische und redaktionelle Erfahrungen mit und pflegt enge Kontakte zu den Ansprechpartnern aus den Medien. Je nach Zielgruppe der Produkte findet Prima-Presse den richtigen Verteiler, macht Ihren K\u00fcnstler noch bekannter und bringt ihr Produkt zum richtigen Zeitpunkt erstmals oder zur\u00fcck ins Gespr\u00e4ch. Prima-Presse ist spezialisiert auf [&hellip;]<\/p>\n","protected":false},"author":2,"featured_media":0,"parent":80,"menu_order":0,"comment_status":"open","ping_status":"open","template":"","meta":{"footnotes":""},"_links":{"self":[{"href":"https:\/\/prima-presse.de\/index.php?rest_route=\/wp\/v2\/pages\/157"}],"collection":[{"href":"https:\/\/prima-presse.de\/index.php?rest_route=\/wp\/v2\/pages"}],"about":[{"href":"https:\/\/prima-presse.de\/index.php?rest_route=\/wp\/v2\/types\/page"}],"author":[{"embeddable":true,"href":"https:\/\/prima-presse.de\/index.php?rest_route=\/wp\/v2\/users\/2"}],"replies":[{"embeddable":true,"href":"https:\/\/prima-presse.de\/index.php?rest_route=%2Fwp%2Fv2%2Fcomments&post=157"}],"version-history":[{"count":19,"href":"https:\/\/prima-presse.de\/index.php?rest_route=\/wp\/v2\/pages\/157\/revisions"}],"predecessor-version":[{"id":160,"href":"https:\/\/prima-presse.de\/index.php?rest_route=\/wp\/v2\/pages\/157\/revisions\/160"}],"up":[{"embeddable":true,"href":"https:\/\/prima-presse.de\/index.php?rest_route=\/wp\/v2\/pages\/80"}],"wp:attachment":[{"href":"https:\/\/prima-presse.de\/index.php?rest_route=%2Fwp%2Fv2%2Fmedia&parent=157"}],"curies":[{"name":"wp","href":"https:\/\/api.w.org\/{rel}","templated":true}]}}