{"id":2,"date":"2012-06-05T21:40:09","date_gmt":"2012-06-05T21:40:09","guid":{"rendered":"http:\/\/wp.dipxx.com\/?page_id=2"},"modified":"2013-06-05T16:23:04","modified_gmt":"2013-06-05T16:23:04","slug":"sample-page","status":"publish","type":"page","link":"https:\/\/prima-presse.de\/","title":{"rendered":"Home"},"content":{"rendered":"<h1>Prima-Presse <em>mit Hirn und Herz<\/em><\/h1>\n<p>Sie wollen schon von der ersten Idee an \u00fcber Ihr Produkt in den Zeitungen lesen? Prima-Presse baut Ihr Produkt oder Ihren K\u00fcnstler kontinuierlich mit Meldungen in den Medien auf. L\u00e4dt zu Pressekonferenzen, Studio- oder Set-Besuchen ein und betreut Produktion wie auch Presse vor Ort. Organisiert K\u00fcnstlerinterviews, schreibt K\u00fcnstlerbiografien oder eine ganze Pressemappe. Die Premiere Ihres Produkts findet ebenfalls mit gro\u00dfem Presseaufkommen statt und Ihr fertiges Produkt finden Sie anschlie\u00dfend fl\u00e4chendeckend in den passenden Organen wieder.<\/p>\n<p>Oder fehlen Ihnen die richtigen Worte f\u00fcr Ihre Homepage? Prima-Presse schreibt Ihnen Ihre Internettexte, die Sie ins richtige Licht und Ihre Leser treffend ins Bild setzen.<\/p>\n<p>Sie m\u00f6chten Pressepromotion f\u00fcr Ihr fertiges Produkt, brauchen Unterst\u00fctzung bei einer Pressekonferenz, Ihnen fehlen pfiffige Produktinformationen oder geschliffene Texte f\u00fcr Ihre Pressemappe? Gerne! Prima-Presse freut sich auf jede Herausforderung.<\/p>\n<p>Prima-Presse ist spezialisiert auf bunte Themen aus der Medienwelt und bringt Jahrelange journalistische und redaktionelle Erfahrungen mit. Prima-Press pflegt enge Kontakte zu den Ansprechpartnern aus den Medien. Je nach Zielgruppe der Produkte findet Prima-Presse den richtigen Verteiler, macht Ihren K\u00fcnstler noch bekannter und bringt ihr Produkt zum richtigen Zeitpunkt erstmals oder zur\u00fcck ins Gespr\u00e4ch.<\/p>\n<ul>\n<li><strong><a title=\"Pressetexte\" href=\"https:\/\/prima-presse.de\/?page_id=32\">Presse- und Webtexte<\/a><\/strong> \u2013 originell, kreativ, leidenschaftlich, treffend<\/li>\n<li><strong><a title=\"Pressearbeit\" href=\"https:\/\/prima-presse.de\/?page_id=157\">Pressearbeit<\/a><\/strong> \u2013 intelligent, erfolgreich, \u00fcberregional, auflagenstark<\/li>\n<li><strong><a title=\"Prima Pressebetreuung\" href=\"https:\/\/prima-presse.de\/?page_id=296\">Pressebetreuung<\/a><\/strong> \u2013 von der ersten Idee bis zur Premiere Ihres Produkts<\/li>\n<li><strong><a title=\"Prima-Pressepromotion\" href=\"https:\/\/prima-presse.de\/?page_id=318\">Pressepromotion<\/a><\/strong> \u2013 in Print-, Online-, Radio- und TV-Medien<\/li>\n<\/ul>\n","protected":false},"excerpt":{"rendered":"<p>Prima-Presse mit Hirn und Herz Sie wollen schon von der ersten Idee an \u00fcber Ihr Produkt in den Zeitungen lesen? Prima-Presse baut Ihr Produkt oder Ihren K\u00fcnstler kontinuierlich mit Meldungen in den Medien auf. L\u00e4dt zu Pressekonferenzen, Studio- oder Set-Besuchen ein und betreut Produktion wie auch Presse vor Ort. Organisiert K\u00fcnstlerinterviews, schreibt K\u00fcnstlerbiografien oder eine [&hellip;]<\/p>\n","protected":false},"author":2,"featured_media":0,"parent":0,"menu_order":0,"comment_status":"open","ping_status":"open","template":"","meta":{"footnotes":""},"_links":{"self":[{"href":"https:\/\/prima-presse.de\/index.php?rest_route=\/wp\/v2\/pages\/2"}],"collection":[{"href":"https:\/\/prima-presse.de\/index.php?rest_route=\/wp\/v2\/pages"}],"about":[{"href":"https:\/\/prima-presse.de\/index.php?rest_route=\/wp\/v2\/types\/page"}],"author":[{"embeddable":true,"href":"https:\/\/prima-presse.de\/index.php?rest_route=\/wp\/v2\/users\/2"}],"replies":[{"embeddable":true,"href":"https:\/\/prima-presse.de\/index.php?rest_route=%2Fwp%2Fv2%2Fcomments&post=2"}],"version-history":[{"count":58,"href":"https:\/\/prima-presse.de\/index.php?rest_route=\/wp\/v2\/pages\/2\/revisions"}],"predecessor-version":[{"id":27,"href":"https:\/\/prima-presse.de\/index.php?rest_route=\/wp\/v2\/pages\/2\/revisions\/27"}],"wp:attachment":[{"href":"https:\/\/prima-presse.de\/index.php?rest_route=%2Fwp%2Fv2%2Fmedia&parent=2"}],"curies":[{"name":"wp","href":"https:\/\/api.w.org\/{rel}","templated":true}]}}