{"id":200,"date":"2012-09-03T13:34:59","date_gmt":"2012-09-03T13:34:59","guid":{"rendered":"http:\/\/wp.dipxx.com\/?page_id=200"},"modified":"2012-09-11T12:26:19","modified_gmt":"2012-09-11T12:26:19","slug":"prima-presseinformationen","status":"publish","type":"page","link":"https:\/\/prima-presse.de\/?page_id=200","title":{"rendered":"Prima-Presseinformationen"},"content":{"rendered":"<h1>Prima-Presseinformationen<\/h1>\n<p>Sie m\u00f6chten die Presse ausf\u00fchrlich und treffend \u00fcber Ihren K\u00fcnstler, Ihre Marke oder Ihr Produkt informieren? Kreativ und sprachgewandt findet Prima-Presse f\u00fcr Sie die richtigen Worte und fasst diese in professionelle Presseinformationen zusammen. Dar\u00fcber hinaus erfasst Prima-Presse die Seele Ihres K\u00fcnstlers oder Ihres Produktes und macht sie in jedem Text sp\u00fcrbar und lebendig.<\/p>\n<p><em>Beispiele<\/em><\/p>\n<ul>\n<li><a href=\"https:\/\/prima-presse.de\/wp-content\/uploads\/2012\/09\/Der_kleine_K\u00f6nig_Liederalbum26PI.pdf\" target=\"_blank\">Der kleine K\u00f6nig Liederalbum<\/a><\/li>\n<li><a href=\"https:\/\/prima-presse.de\/wp-content\/uploads\/2012\/09\/Die-Moffels_PI.pdf\" target=\"_blank\">Die Moffels<\/a><\/li>\n<li><a href=\"https:\/\/prima-presse.de\/wp-content\/uploads\/2012\/09\/JanoschGeburtstagKochbuch.pdf\" target=\"_blank\">Janosch Geburtstag Kochbuch<\/a><\/li>\n<li><a href=\"https:\/\/prima-presse.de\/wp-content\/uploads\/2012\/09\/PI_Tomte_Tumetott.pdf\" target=\"_blank\">Tomte Tummetott<\/a><\/li>\n<li><a href=\"https:\/\/prima-presse.de\/wp-content\/uploads\/2012\/09\/PiccoLOG.pdf\" target=\"_blank\">PiccoLOG<\/a><\/li>\n<li><a href=\"https:\/\/prima-presse.de\/wp-content\/uploads\/2012\/09\/POINTWHITMARK.pdf\" target=\"_blank\">Point Whitmark<\/a><\/li>\n<\/ul>\n","protected":false},"excerpt":{"rendered":"<p>Prima-Presseinformationen Sie m\u00f6chten die Presse ausf\u00fchrlich und treffend \u00fcber Ihren K\u00fcnstler, Ihre Marke oder Ihr Produkt informieren? Kreativ und sprachgewandt findet Prima-Presse f\u00fcr Sie die richtigen Worte und fasst diese in professionelle Presseinformationen zusammen. Dar\u00fcber hinaus erfasst Prima-Presse die Seele Ihres K\u00fcnstlers oder Ihres Produktes und macht sie in jedem Text sp\u00fcrbar und lebendig. Beispiele [&hellip;]<\/p>\n","protected":false},"author":2,"featured_media":0,"parent":32,"menu_order":0,"comment_status":"open","ping_status":"open","template":"","meta":{"footnotes":""},"_links":{"self":[{"href":"https:\/\/prima-presse.de\/index.php?rest_route=\/wp\/v2\/pages\/200"}],"collection":[{"href":"https:\/\/prima-presse.de\/index.php?rest_route=\/wp\/v2\/pages"}],"about":[{"href":"https:\/\/prima-presse.de\/index.php?rest_route=\/wp\/v2\/types\/page"}],"author":[{"embeddable":true,"href":"https:\/\/prima-presse.de\/index.php?rest_route=\/wp\/v2\/users\/2"}],"replies":[{"embeddable":true,"href":"https:\/\/prima-presse.de\/index.php?rest_route=%2Fwp%2Fv2%2Fcomments&post=200"}],"version-history":[{"count":11,"href":"https:\/\/prima-presse.de\/index.php?rest_route=\/wp\/v2\/pages\/200\/revisions"}],"predecessor-version":[{"id":655,"href":"https:\/\/prima-presse.de\/index.php?rest_route=\/wp\/v2\/pages\/200\/revisions\/655"}],"up":[{"embeddable":true,"href":"https:\/\/prima-presse.de\/index.php?rest_route=\/wp\/v2\/pages\/32"}],"wp:attachment":[{"href":"https:\/\/prima-presse.de\/index.php?rest_route=%2Fwp%2Fv2%2Fmedia&parent=200"}],"curies":[{"name":"wp","href":"https:\/\/api.w.org\/{rel}","templated":true}]}}