{"id":214,"date":"2012-09-03T14:05:40","date_gmt":"2012-09-03T14:05:40","guid":{"rendered":"http:\/\/wp.dipxx.com\/?page_id=214"},"modified":"2012-09-11T12:29:58","modified_gmt":"2012-09-11T12:29:58","slug":"prima-produktinfo","status":"publish","type":"page","link":"https:\/\/prima-presse.de\/?page_id=214","title":{"rendered":"Prima-Produktinfo"},"content":{"rendered":"<h1>Prima-Produktinfo<\/h1>\n<p>Sie m\u00f6chten Ihr Produkt \u00fcber Fakten und Zahlen hinaus ins rechte Licht setzen und ben\u00f6tigen neben einer knackigen Inhaltsangabe einen mitrei\u00dfenden Text? Prima-Presse fasst Ihre Fakten mit journalistischem Geschick zusammen, bringt Farbe in Zahlen und Inhalt, macht neugierig auf Ihr Produkt und preist es unaufdringlich, aber \u00fcberzeugend an.<\/p>\n<p><em>Beispiele<\/em><\/p>\n<ul>\n<li><a title=\"Prima-Presse Produktinfo\" href=\"https:\/\/prima-presse.de\/wp-content\/uploads\/2012\/09\/Comic_Die-Reimanns.pdf\" target=\"_blank\">Comic Die Reimanns<\/a><\/li>\n<li><a href=\"https:\/\/prima-presse.de\/wp-content\/uploads\/2012\/09\/PI_MARLENE.pdf\" target=\"_blank\">Marlene<\/a><\/li>\n<li><a href=\"https:\/\/prima-presse.de\/wp-content\/uploads\/2012\/09\/PI_MordmitAussicht.pdf\" target=\"_blank\">Mord mit Aussicht<\/a><\/li>\n<li><a href=\"https:\/\/prima-presse.de\/wp-content\/uploads\/2012\/09\/PR-Tomte-Tummetott.pdf\" target=\"_blank\">Tomte Tummetott<\/a><\/li>\n<li><a href=\"https:\/\/prima-presse.de\/wp-content\/uploads\/2012\/09\/WUTDVDPI_final.pdf\" target=\"_blank\">Wut DVD<\/a><\/li>\n<\/ul>\n","protected":false},"excerpt":{"rendered":"<p>Prima-Produktinfo Sie m\u00f6chten Ihr Produkt \u00fcber Fakten und Zahlen hinaus ins rechte Licht setzen und ben\u00f6tigen neben einer knackigen Inhaltsangabe einen mitrei\u00dfenden Text? Prima-Presse fasst Ihre Fakten mit journalistischem Geschick zusammen, bringt Farbe in Zahlen und Inhalt, macht neugierig auf Ihr Produkt und preist es unaufdringlich, aber \u00fcberzeugend an. Beispiele Comic Die Reimanns Marlene Mord [&hellip;]<\/p>\n","protected":false},"author":2,"featured_media":0,"parent":32,"menu_order":0,"comment_status":"open","ping_status":"open","template":"","meta":{"footnotes":""},"_links":{"self":[{"href":"https:\/\/prima-presse.de\/index.php?rest_route=\/wp\/v2\/pages\/214"}],"collection":[{"href":"https:\/\/prima-presse.de\/index.php?rest_route=\/wp\/v2\/pages"}],"about":[{"href":"https:\/\/prima-presse.de\/index.php?rest_route=\/wp\/v2\/types\/page"}],"author":[{"embeddable":true,"href":"https:\/\/prima-presse.de\/index.php?rest_route=\/wp\/v2\/users\/2"}],"replies":[{"embeddable":true,"href":"https:\/\/prima-presse.de\/index.php?rest_route=%2Fwp%2Fv2%2Fcomments&post=214"}],"version-history":[{"count":8,"href":"https:\/\/prima-presse.de\/index.php?rest_route=\/wp\/v2\/pages\/214\/revisions"}],"predecessor-version":[{"id":217,"href":"https:\/\/prima-presse.de\/index.php?rest_route=\/wp\/v2\/pages\/214\/revisions\/217"}],"up":[{"embeddable":true,"href":"https:\/\/prima-presse.de\/index.php?rest_route=\/wp\/v2\/pages\/32"}],"wp:attachment":[{"href":"https:\/\/prima-presse.de\/index.php?rest_route=%2Fwp%2Fv2%2Fmedia&parent=214"}],"curies":[{"name":"wp","href":"https:\/\/api.w.org\/{rel}","templated":true}]}}