{"id":226,"date":"2012-09-03T14:20:55","date_gmt":"2012-09-03T14:20:55","guid":{"rendered":"http:\/\/wp.dipxx.com\/?page_id=226"},"modified":"2012-09-11T12:25:57","modified_gmt":"2012-09-11T12:25:57","slug":"prima-kunstlerbiografien","status":"publish","type":"page","link":"https:\/\/prima-presse.de\/?page_id=226","title":{"rendered":"Prima-K\u00fcnstlerbiografien"},"content":{"rendered":"<h1>Prima\u2013K\u00fcnstlerbiografien<\/h1>\n<p>Ob am Anfang, in der Mitte oder auf dem H\u00f6hepunkt Ihrer Karriere, Prima-Presse kitzelt das Beste aus Ihnen heraus und fasst es in eine Sprache, die die Seele des K\u00fcnstlers transportiert und auf den Punkt bringt. Mit klugem Gesp\u00fcr f\u00fcr den Menschen hinter der Kunst tr\u00e4gt Prima-Presse die Highlights aus Ihrer (angehenden) Karriere zusammen und vermengt sie mit Ihrem aktuellen Output zu einem spannenden, anziehenden und schillernden Werdegang.<\/p>\n<p><em>Beispiele<\/em><\/p>\n<ul>\n<li><a href=\"https:\/\/prima-presse.de\/wp-content\/uploads\/2012\/09\/BioHedwigMunck_11.pdf\" target=\"_blank\">Hedwig Munck<\/a><\/li>\n<li><a href=\"https:\/\/prima-presse.de\/wp-content\/uploads\/2012\/09\/Bio_Volker_Rosin1.pdf\" target=\"_blank\">Volker Rosin<\/a><\/li>\n<li><a href=\"https:\/\/prima-presse.de\/wp-content\/uploads\/2012\/09\/Phil4Kids_Bio.pdf\" target=\"_blank\">Phil4Kids<\/a><\/li>\n<li><a href=\"https:\/\/prima-presse.de\/wp-content\/uploads\/2012\/09\/TiM_Biografie.pdf\" target=\"_blank\">TiM<\/a><\/li>\n<li><a href=\"https:\/\/prima-presse.de\/wp-content\/uploads\/2012\/09\/AnneSchroeder_MamaLiebeMama.pdf\" target=\"_blank\">Anne Schr\u00f6der<\/a><\/li>\n<\/ul>\n","protected":false},"excerpt":{"rendered":"<p>Prima\u2013K\u00fcnstlerbiografien Ob am Anfang, in der Mitte oder auf dem H\u00f6hepunkt Ihrer Karriere, Prima-Presse kitzelt das Beste aus Ihnen heraus und fasst es in eine Sprache, die die Seele des K\u00fcnstlers transportiert und auf den Punkt bringt. Mit klugem Gesp\u00fcr f\u00fcr den Menschen hinter der Kunst tr\u00e4gt Prima-Presse die Highlights aus Ihrer (angehenden) Karriere zusammen [&hellip;]<\/p>\n","protected":false},"author":2,"featured_media":0,"parent":32,"menu_order":0,"comment_status":"open","ping_status":"open","template":"","meta":{"footnotes":""},"_links":{"self":[{"href":"https:\/\/prima-presse.de\/index.php?rest_route=\/wp\/v2\/pages\/226"}],"collection":[{"href":"https:\/\/prima-presse.de\/index.php?rest_route=\/wp\/v2\/pages"}],"about":[{"href":"https:\/\/prima-presse.de\/index.php?rest_route=\/wp\/v2\/types\/page"}],"author":[{"embeddable":true,"href":"https:\/\/prima-presse.de\/index.php?rest_route=\/wp\/v2\/users\/2"}],"replies":[{"embeddable":true,"href":"https:\/\/prima-presse.de\/index.php?rest_route=%2Fwp%2Fv2%2Fcomments&post=226"}],"version-history":[{"count":15,"href":"https:\/\/prima-presse.de\/index.php?rest_route=\/wp\/v2\/pages\/226\/revisions"}],"predecessor-version":[{"id":654,"href":"https:\/\/prima-presse.de\/index.php?rest_route=\/wp\/v2\/pages\/226\/revisions\/654"}],"up":[{"embeddable":true,"href":"https:\/\/prima-presse.de\/index.php?rest_route=\/wp\/v2\/pages\/32"}],"wp:attachment":[{"href":"https:\/\/prima-presse.de\/index.php?rest_route=%2Fwp%2Fv2%2Fmedia&parent=226"}],"curies":[{"name":"wp","href":"https:\/\/api.w.org\/{rel}","templated":true}]}}