{"id":239,"date":"2012-09-03T14:38:36","date_gmt":"2012-09-03T14:38:36","guid":{"rendered":"http:\/\/wp.dipxx.com\/?page_id=239"},"modified":"2012-09-11T12:26:39","modified_gmt":"2012-09-11T12:26:39","slug":"prima-pressemappe","status":"publish","type":"page","link":"https:\/\/prima-presse.de\/?page_id=239","title":{"rendered":"Prima-Pressemappe"},"content":{"rendered":"<h1>Prima-Pressemappe<\/h1>\n<p>Sitzen sie auf einer Flut von Fakten zu Ihrer Premiere, Produktion oder Pressekonferenz? Prima-Presse b\u00fcndelt, ordnet, sortiert und recherchiert Ihre Inhalte und fasst Ihre Themen stilsicher und professionell in einer Pressmappe zusammen. Dazu geh\u00f6ren neben den Synopsen, Interviews mit K\u00fcnstler, Crew, Produzenten und Sponsoren auch das Schreiben der Vitae, von Stab- und Besetzungslisten, so dass ein gro\u00dfes Ganzes entsteht, das den Geist Ihres Vorhabens vollst\u00e4ndig vermittelt.<\/p>\n<p><em>Beispiel<\/em><\/p>\n<ul>\n<li><a href=\"https:\/\/prima-presse.de\/wp-content\/uploads\/2012\/09\/Tomte_Pressemappe.pdf\" target=\"_blank\">Tomte Tummetott<\/a><\/li>\n<\/ul>\n","protected":false},"excerpt":{"rendered":"<p>Prima-Pressemappe Sitzen sie auf einer Flut von Fakten zu Ihrer Premiere, Produktion oder Pressekonferenz? Prima-Presse b\u00fcndelt, ordnet, sortiert und recherchiert Ihre Inhalte und fasst Ihre Themen stilsicher und professionell in einer Pressmappe zusammen. Dazu geh\u00f6ren neben den Synopsen, Interviews mit K\u00fcnstler, Crew, Produzenten und Sponsoren auch das Schreiben der Vitae, von Stab- und Besetzungslisten, so [&hellip;]<\/p>\n","protected":false},"author":2,"featured_media":0,"parent":32,"menu_order":0,"comment_status":"open","ping_status":"open","template":"","meta":{"footnotes":""},"_links":{"self":[{"href":"https:\/\/prima-presse.de\/index.php?rest_route=\/wp\/v2\/pages\/239"}],"collection":[{"href":"https:\/\/prima-presse.de\/index.php?rest_route=\/wp\/v2\/pages"}],"about":[{"href":"https:\/\/prima-presse.de\/index.php?rest_route=\/wp\/v2\/types\/page"}],"author":[{"embeddable":true,"href":"https:\/\/prima-presse.de\/index.php?rest_route=\/wp\/v2\/users\/2"}],"replies":[{"embeddable":true,"href":"https:\/\/prima-presse.de\/index.php?rest_route=%2Fwp%2Fv2%2Fcomments&post=239"}],"version-history":[{"count":6,"href":"https:\/\/prima-presse.de\/index.php?rest_route=\/wp\/v2\/pages\/239\/revisions"}],"predecessor-version":[{"id":656,"href":"https:\/\/prima-presse.de\/index.php?rest_route=\/wp\/v2\/pages\/239\/revisions\/656"}],"up":[{"embeddable":true,"href":"https:\/\/prima-presse.de\/index.php?rest_route=\/wp\/v2\/pages\/32"}],"wp:attachment":[{"href":"https:\/\/prima-presse.de\/index.php?rest_route=%2Fwp%2Fv2%2Fmedia&parent=239"}],"curies":[{"name":"wp","href":"https:\/\/api.w.org\/{rel}","templated":true}]}}