{"id":265,"date":"2012-09-03T15:16:45","date_gmt":"2012-09-03T15:16:45","guid":{"rendered":"http:\/\/wp.dipxx.com\/?page_id=265"},"modified":"2012-09-11T12:23:02","modified_gmt":"2012-09-11T12:23:02","slug":"konny-reimann-deutschlands-beruhmtester-auswanderer","status":"publish","type":"page","link":"https:\/\/prima-presse.de\/?page_id=265","title":{"rendered":"Konny Reimann, Deutschlands ber\u00fchmtester Auswanderer"},"content":{"rendered":"<h1>Prima-Pressearbeit<br \/>\n<em>\u2013 intelligent,\u00a0 erfolgreich, \u00fcberregional, auflagenstark<\/em><\/h1>\n<p><strong>Konny Reimann, Deutschlands ber\u00fchmtester Auswanderer <\/strong>ver\u00f6ffentlichte die Abenteuer seiner Familie 2008 in dem Buch und H\u00f6rbuch \u201eaber das ist eine andere Geschichte\u201c. Allein nur in den Print-Medien erreichte Prima-Presse f\u00fcr\u00a0 die Ver\u00f6ffentlichung 65 Mio. Kontakte.\u00a0 \u00dcber dies war der Texaner mit dem breiten\u00a0 Hamburger Slang gerngesehener Gast in diversen TV- und Radio-Shows. (u. a. &#8222;Johannes B. Kerner&#8220; , NDR Talkshow) Prima-Presse begleitete das Hamburger Original mit Cowboyhut bei allen Presseevents und betreute Konny Reimann bei Interviewterminen mit der Bild ebenso f\u00fcrsorglich und professionell wie bei Fernsehauftritten.<\/p>\n","protected":false},"excerpt":{"rendered":"<p>Prima-Pressearbeit \u2013 intelligent,\u00a0 erfolgreich, \u00fcberregional, auflagenstark Konny Reimann, Deutschlands ber\u00fchmtester Auswanderer ver\u00f6ffentlichte die Abenteuer seiner Familie 2008 in dem Buch und H\u00f6rbuch \u201eaber das ist eine andere Geschichte\u201c. Allein nur in den Print-Medien erreichte Prima-Presse f\u00fcr\u00a0 die Ver\u00f6ffentlichung 65 Mio. Kontakte.\u00a0 \u00dcber dies war der Texaner mit dem breiten\u00a0 Hamburger Slang gerngesehener Gast in diversen [&hellip;]<\/p>\n","protected":false},"author":2,"featured_media":0,"parent":157,"menu_order":0,"comment_status":"open","ping_status":"open","template":"","meta":{"footnotes":""},"_links":{"self":[{"href":"https:\/\/prima-presse.de\/index.php?rest_route=\/wp\/v2\/pages\/265"}],"collection":[{"href":"https:\/\/prima-presse.de\/index.php?rest_route=\/wp\/v2\/pages"}],"about":[{"href":"https:\/\/prima-presse.de\/index.php?rest_route=\/wp\/v2\/types\/page"}],"author":[{"embeddable":true,"href":"https:\/\/prima-presse.de\/index.php?rest_route=\/wp\/v2\/users\/2"}],"replies":[{"embeddable":true,"href":"https:\/\/prima-presse.de\/index.php?rest_route=%2Fwp%2Fv2%2Fcomments&post=265"}],"version-history":[{"count":8,"href":"https:\/\/prima-presse.de\/index.php?rest_route=\/wp\/v2\/pages\/265\/revisions"}],"predecessor-version":[{"id":648,"href":"https:\/\/prima-presse.de\/index.php?rest_route=\/wp\/v2\/pages\/265\/revisions\/648"}],"up":[{"embeddable":true,"href":"https:\/\/prima-presse.de\/index.php?rest_route=\/wp\/v2\/pages\/157"}],"wp:attachment":[{"href":"https:\/\/prima-presse.de\/index.php?rest_route=%2Fwp%2Fv2%2Fmedia&parent=265"}],"curies":[{"name":"wp","href":"https:\/\/api.w.org\/{rel}","templated":true}]}}