{"id":270,"date":"2012-09-03T15:20:10","date_gmt":"2012-09-03T15:20:10","guid":{"rendered":"http:\/\/wp.dipxx.com\/?page_id=270"},"modified":"2012-09-11T12:19:41","modified_gmt":"2012-09-11T12:19:41","slug":"film-dvd-oder-bluray","status":"publish","type":"page","link":"https:\/\/prima-presse.de\/?page_id=270","title":{"rendered":"Film, DVD oder Bluray"},"content":{"rendered":"<h1>Prima-Pressearbeit<br \/>\n<em>\u2013 intelligent,\u00a0 erfolgreich, \u00fcberregional, auflagenstark<\/em><\/h1>\n<p><strong>Ob Film, DVD oder Bluray<\/strong>,\u00a0 Prima-Presse pflegt Kontakte zu den auflagenst\u00e4rksten Tageszeitungen, Kino-, DVD-Magazinen, TV- und Frauenzeitschriften, wie auch zur Yellow-Press. Neben der bundesweiten Berichterstattung, Verlosungsaktionen in regionalen wie \u00fcberregionalen Presseorganen, findet Prima-Presse f\u00fcr das Produkt den geeigneten Kooperationspartner, der sich traut, auch f\u00fcr unbekannte oder gar unbequeme Themen eine Empfehlung \u00f6ffentlich zu machen. So konnte Prima-Presse viele TV- und Frauenzeitschriften, aber auch die DVD-Seiten in der Tagespresse f\u00fcr die Reihe \u201eHollywood Klassiker\u201c\u00a0 begeistern. Die DVD-Premieren der Preisgekr\u00f6nten TV-Movies \u201eWut\u201c und \u201eAn die Grenze\u201c fanden bundesweit in den Medien gro\u00dfe Beachtung.\u00a0 Zudem f\u00fchrte Prima-Presse f\u00fcr die Extras beider DVDs alle Interviews mit den Filmschaffenden durch (Hauptdarsteller, Regisseure, Drehbuchautoren). Durch die Vermittlung von\u00a0 Prima-Presse feierte das preisgekr\u00f6nte Hollywoodprod Drama \u201eThe Great Debaters \u2013 Die Macht der Worte\u201c von und mit Oscarpreistr\u00e4ger Denzel Washington seine DVD- und Bluray-Premiere einmalig auf der gro\u00dfen Kinoleinwand und konnte dadurch besonderes Interesse der Presse auf sich ziehen.<\/p>\n","protected":false},"excerpt":{"rendered":"<p>Prima-Pressearbeit \u2013 intelligent,\u00a0 erfolgreich, \u00fcberregional, auflagenstark Ob Film, DVD oder Bluray,\u00a0 Prima-Presse pflegt Kontakte zu den auflagenst\u00e4rksten Tageszeitungen, Kino-, DVD-Magazinen, TV- und Frauenzeitschriften, wie auch zur Yellow-Press. Neben der bundesweiten Berichterstattung, Verlosungsaktionen in regionalen wie \u00fcberregionalen Presseorganen, findet Prima-Presse f\u00fcr das Produkt den geeigneten Kooperationspartner, der sich traut, auch f\u00fcr unbekannte oder gar unbequeme Themen [&hellip;]<\/p>\n","protected":false},"author":2,"featured_media":0,"parent":157,"menu_order":0,"comment_status":"open","ping_status":"open","template":"","meta":{"footnotes":""},"_links":{"self":[{"href":"https:\/\/prima-presse.de\/index.php?rest_route=\/wp\/v2\/pages\/270"}],"collection":[{"href":"https:\/\/prima-presse.de\/index.php?rest_route=\/wp\/v2\/pages"}],"about":[{"href":"https:\/\/prima-presse.de\/index.php?rest_route=\/wp\/v2\/types\/page"}],"author":[{"embeddable":true,"href":"https:\/\/prima-presse.de\/index.php?rest_route=\/wp\/v2\/users\/2"}],"replies":[{"embeddable":true,"href":"https:\/\/prima-presse.de\/index.php?rest_route=%2Fwp%2Fv2%2Fcomments&post=270"}],"version-history":[{"count":6,"href":"https:\/\/prima-presse.de\/index.php?rest_route=\/wp\/v2\/pages\/270\/revisions"}],"predecessor-version":[{"id":641,"href":"https:\/\/prima-presse.de\/index.php?rest_route=\/wp\/v2\/pages\/270\/revisions\/641"}],"up":[{"embeddable":true,"href":"https:\/\/prima-presse.de\/index.php?rest_route=\/wp\/v2\/pages\/157"}],"wp:attachment":[{"href":"https:\/\/prima-presse.de\/index.php?rest_route=%2Fwp%2Fv2%2Fmedia&parent=270"}],"curies":[{"name":"wp","href":"https:\/\/api.w.org\/{rel}","templated":true}]}}