{"id":278,"date":"2012-09-03T15:28:48","date_gmt":"2012-09-03T15:28:48","guid":{"rendered":"http:\/\/wp.dipxx.com\/?page_id=278"},"modified":"2012-09-11T12:20:10","modified_gmt":"2012-09-11T12:20:10","slug":"278-2","status":"publish","type":"page","link":"https:\/\/prima-presse.de\/?page_id=278","title":{"rendered":"Kinderthemen aller Art"},"content":{"rendered":"<h1>Prima-Pressearbeit<br \/>\n<em>\u2013 intelligent,\u00a0 erfolgreich, \u00fcberregional, auflagenstark<\/em><\/h1>\n<p>Eine besondere Spezialit\u00e4t und Dauerbrenner des Hauses ist die Presse-Promotion f\u00fcr Kinderthemen aller Art. Ob eine Marke wie <a title=\"Janosch\" href=\"https:\/\/prima-presse.de\/?page_id=407\"><strong>Janosch<\/strong><\/a> mit ihrer Tigerente 30sten Geburtstag feiert, oder <a title=\"Volker Rosin\" href=\"https:\/\/prima-presse.de\/?page_id=410\"><strong>Volker Rosin<\/strong><\/a> seine neueste CD oder DVD auf den Markt bringt, <strong><a title=\"Der kleine K\u00f6nig\" href=\"https:\/\/prima-presse.de\/?page_id=556\">Der Kleine K\u00f6nig<\/a><\/strong> neue H\u00f6rspiele und DVDs vorstellt, das <a title=\"Kinderspiel des Jahres\" href=\"https:\/\/prima-presse.de\/?page_id=451\"><strong>Kinderspiel des Jahres<\/strong><\/a> in Hamburg ausgezeichnet wird,<strong> <a href=\"https:\/\/prima-presse.de\/?page_id=546\">Die Moffels<\/a><\/strong> H\u00f6rspielpremiere feiern, oder die Kinder- und Jugend-Krimi-Reihe <a title=\"Point Whitmark\" href=\"https:\/\/prima-presse.de\/?page_id=549\"><strong>Point Whitmark<\/strong><\/a> eine neue Folge ver\u00f6ffentlicht, Prima-Presse hat je nach Zielgruppe Eltern und Familien, Kindergarten-, Vorschul-, Grundschulkinder oder Pre-Teens, den richtigen Verteiler und sorgt f\u00fcr einen angenehmen Presswirbel.<\/p>\n","protected":false},"excerpt":{"rendered":"<p>Prima-Pressearbeit \u2013 intelligent,\u00a0 erfolgreich, \u00fcberregional, auflagenstark Eine besondere Spezialit\u00e4t und Dauerbrenner des Hauses ist die Presse-Promotion f\u00fcr Kinderthemen aller Art. Ob eine Marke wie Janosch mit ihrer Tigerente 30sten Geburtstag feiert, oder Volker Rosin seine neueste CD oder DVD auf den Markt bringt, Der Kleine K\u00f6nig neue H\u00f6rspiele und DVDs vorstellt, das Kinderspiel des Jahres [&hellip;]<\/p>\n","protected":false},"author":2,"featured_media":0,"parent":157,"menu_order":0,"comment_status":"open","ping_status":"open","template":"","meta":{"footnotes":""},"_links":{"self":[{"href":"https:\/\/prima-presse.de\/index.php?rest_route=\/wp\/v2\/pages\/278"}],"collection":[{"href":"https:\/\/prima-presse.de\/index.php?rest_route=\/wp\/v2\/pages"}],"about":[{"href":"https:\/\/prima-presse.de\/index.php?rest_route=\/wp\/v2\/types\/page"}],"author":[{"embeddable":true,"href":"https:\/\/prima-presse.de\/index.php?rest_route=\/wp\/v2\/users\/2"}],"replies":[{"embeddable":true,"href":"https:\/\/prima-presse.de\/index.php?rest_route=%2Fwp%2Fv2%2Fcomments&post=278"}],"version-history":[{"count":20,"href":"https:\/\/prima-presse.de\/index.php?rest_route=\/wp\/v2\/pages\/278\/revisions"}],"predecessor-version":[{"id":642,"href":"https:\/\/prima-presse.de\/index.php?rest_route=\/wp\/v2\/pages\/278\/revisions\/642"}],"up":[{"embeddable":true,"href":"https:\/\/prima-presse.de\/index.php?rest_route=\/wp\/v2\/pages\/157"}],"wp:attachment":[{"href":"https:\/\/prima-presse.de\/index.php?rest_route=%2Fwp%2Fv2%2Fmedia&parent=278"}],"curies":[{"name":"wp","href":"https:\/\/api.w.org\/{rel}","templated":true}]}}