{"id":296,"date":"2012-09-04T05:27:18","date_gmt":"2012-09-04T05:27:18","guid":{"rendered":"http:\/\/wp.dipxx.com\/?page_id=296"},"modified":"2012-09-11T12:23:40","modified_gmt":"2012-09-11T12:23:40","slug":"prima-pressebetreuung","status":"publish","type":"page","link":"https:\/\/prima-presse.de\/?page_id=296","title":{"rendered":"Prima Pressebetreuung"},"content":{"rendered":"<h1>Prima-Pressebetreuung<br \/>\n<em> &#8211; von der ersten Idee bis zur Premiere Ihres Produkts<\/em><\/h1>\n<p>Sie wollen schon von der ersten Idee an \u00fcber Ihr\u00a0 Produkt in den Zeitungen lesen? Prima-Presse baut Ihr Produkt oder Ihren K\u00fcnstler kontinuierlich mit Meldungen in den Medien auf. L\u00e4dt zu Pressekonferenzen, Studio- oder Set-Besuchen ein und betreut Produktion wie auch Presse vor Ort. Organisiert K\u00fcnstlerinterviews, schreibt K\u00fcnstlerbiografien oder eine ganze Pressemappe. Die Premiere Ihres Produkts findet ebenfalls mit gro\u00dfem Presseaufkommen statt und Ihr fertiges Produkt finden Sie anschlie\u00dfend fl\u00e4chendeckend in den passenden Organen wieder.<\/p>\n<p>Beispiele<\/p>\n<ul>\n<li><a title=\"Tomte Tummetott\" href=\"https:\/\/prima-presse.de\/?page_id=577\">Tomte Tummetott<\/a><\/li>\n<li><a title=\"Die Lollipops\" href=\"https:\/\/prima-presse.de\/?page_id=581\">Die Lollipops<\/a><\/li>\n<\/ul>\n","protected":false},"excerpt":{"rendered":"<p>Prima-Pressebetreuung &#8211; von der ersten Idee bis zur Premiere Ihres Produkts Sie wollen schon von der ersten Idee an \u00fcber Ihr\u00a0 Produkt in den Zeitungen lesen? Prima-Presse baut Ihr Produkt oder Ihren K\u00fcnstler kontinuierlich mit Meldungen in den Medien auf. L\u00e4dt zu Pressekonferenzen, Studio- oder Set-Besuchen ein und betreut Produktion wie auch Presse vor Ort. [&hellip;]<\/p>\n","protected":false},"author":2,"featured_media":0,"parent":80,"menu_order":0,"comment_status":"open","ping_status":"open","template":"","meta":{"footnotes":""},"_links":{"self":[{"href":"https:\/\/prima-presse.de\/index.php?rest_route=\/wp\/v2\/pages\/296"}],"collection":[{"href":"https:\/\/prima-presse.de\/index.php?rest_route=\/wp\/v2\/pages"}],"about":[{"href":"https:\/\/prima-presse.de\/index.php?rest_route=\/wp\/v2\/types\/page"}],"author":[{"embeddable":true,"href":"https:\/\/prima-presse.de\/index.php?rest_route=\/wp\/v2\/users\/2"}],"replies":[{"embeddable":true,"href":"https:\/\/prima-presse.de\/index.php?rest_route=%2Fwp%2Fv2%2Fcomments&post=296"}],"version-history":[{"count":14,"href":"https:\/\/prima-presse.de\/index.php?rest_route=\/wp\/v2\/pages\/296\/revisions"}],"predecessor-version":[{"id":649,"href":"https:\/\/prima-presse.de\/index.php?rest_route=\/wp\/v2\/pages\/296\/revisions\/649"}],"up":[{"embeddable":true,"href":"https:\/\/prima-presse.de\/index.php?rest_route=\/wp\/v2\/pages\/80"}],"wp:attachment":[{"href":"https:\/\/prima-presse.de\/index.php?rest_route=%2Fwp%2Fv2%2Fmedia&parent=296"}],"curies":[{"name":"wp","href":"https:\/\/api.w.org\/{rel}","templated":true}]}}