{"id":318,"date":"2012-09-04T05:55:45","date_gmt":"2012-09-04T05:55:45","guid":{"rendered":"http:\/\/wp.dipxx.com\/?page_id=318"},"modified":"2012-09-04T17:26:26","modified_gmt":"2012-09-04T17:26:26","slug":"prima-pressepromotion","status":"publish","type":"page","link":"https:\/\/prima-presse.de\/?page_id=318","title":{"rendered":"Prima-Pressepromotion"},"content":{"rendered":"<h1>Prima-Pressepromotion<\/h1>\n<p>Prima-Presse ist ganz besonders in der Print-Pressepromotion versiert und hat in mehr als 12 Jahren einen riesigen Verteiler und enge, gute Kontakte zu den Journalisten in den Redaktionen aufgebaut und gepflegt. Spezieller Beritt sind die Kinderthemen. Im Bereich Kinder-Presse-Promotion verf\u00fcgt Prima-Presse \u00fcber hervorragende Kontakte und langj\u00e4hrige Erfahrung in der Medienlandschaft.<br \/>\nJe nach Zielgruppe der Produkte, ob f\u00fcr Kindergarten-, Vorschul-, Grundschulkinder oder Pre-Teens, hat Prima-Presse die Kontakte zu den auflagenst\u00e4rksten Familienmagazinen, Kinderzeitschriften, Sch\u00fclerzeitungen, Kinder-Onlineportalen und -Radiosendern. Neben der bundesweiten Berichterstattung, Verlosungsaktionen in regionalen wie \u00fcberregionalen Presseorganen, findet Prima-Presse f\u00fcr das Produkt den geeigneten Kooperationspartner, der sich traut auch f\u00fcr unbekannte Themen eine Empfehlung \u00f6ffentlich zu machen. Bekannte Kinderk\u00fcnstler, Produkte oder Marken wie Volker Rosin, \u201eDer kleine K\u00f6nig\u201c oder \u201eJanosch\u201c macht Prima-Presse noch bekannter und bringt sie zum richtigen Zeitpunkt zur\u00fcck ins Gespr\u00e4ch.<\/p>\n<p>F\u00fcr ausgewachsene K\u00fcnstler, deren Pers\u00f6nlichkeit noch hinter der Kunst zur\u00fcck steht, baut Prima-Presse kontinuierlich durch Meldungen, Portraits und Interviews auf den Leute-Seiten der Yellow-, Frauen-, Glamour-, M\u00e4nner- und Tagespresse, ein positives und passendes Image des Musikers, Autors oder Entertainers in den Medien auf. Dazu geh\u00f6ren ebenso Talkshowauftritte wie die TV-Berichterstattung in Boulevard-Formaten, die ebenso helfen aus dem\u00a0 No-Name eine Marke zu machen.<\/p>\n","protected":false},"excerpt":{"rendered":"<p>Prima-Pressepromotion Prima-Presse ist ganz besonders in der Print-Pressepromotion versiert und hat in mehr als 12 Jahren einen riesigen Verteiler und enge, gute Kontakte zu den Journalisten in den Redaktionen aufgebaut und gepflegt. Spezieller Beritt sind die Kinderthemen. Im Bereich Kinder-Presse-Promotion verf\u00fcgt Prima-Presse \u00fcber hervorragende Kontakte und langj\u00e4hrige Erfahrung in der Medienlandschaft. Je nach Zielgruppe der [&hellip;]<\/p>\n","protected":false},"author":2,"featured_media":0,"parent":80,"menu_order":0,"comment_status":"open","ping_status":"open","template":"","meta":{"footnotes":""},"_links":{"self":[{"href":"https:\/\/prima-presse.de\/index.php?rest_route=\/wp\/v2\/pages\/318"}],"collection":[{"href":"https:\/\/prima-presse.de\/index.php?rest_route=\/wp\/v2\/pages"}],"about":[{"href":"https:\/\/prima-presse.de\/index.php?rest_route=\/wp\/v2\/types\/page"}],"author":[{"embeddable":true,"href":"https:\/\/prima-presse.de\/index.php?rest_route=\/wp\/v2\/users\/2"}],"replies":[{"embeddable":true,"href":"https:\/\/prima-presse.de\/index.php?rest_route=%2Fwp%2Fv2%2Fcomments&post=318"}],"version-history":[{"count":2,"href":"https:\/\/prima-presse.de\/index.php?rest_route=\/wp\/v2\/pages\/318\/revisions"}],"predecessor-version":[{"id":484,"href":"https:\/\/prima-presse.de\/index.php?rest_route=\/wp\/v2\/pages\/318\/revisions\/484"}],"up":[{"embeddable":true,"href":"https:\/\/prima-presse.de\/index.php?rest_route=\/wp\/v2\/pages\/80"}],"wp:attachment":[{"href":"https:\/\/prima-presse.de\/index.php?rest_route=%2Fwp%2Fv2%2Fmedia&parent=318"}],"curies":[{"name":"wp","href":"https:\/\/api.w.org\/{rel}","templated":true}]}}