{"id":32,"date":"2012-07-02T07:27:50","date_gmt":"2012-07-02T07:27:50","guid":{"rendered":"http:\/\/wp.dipxx.com\/?page_id=32"},"modified":"2013-06-05T16:31:24","modified_gmt":"2013-06-05T16:31:24","slug":"pressetexte","status":"publish","type":"page","link":"https:\/\/prima-presse.de\/?page_id=32","title":{"rendered":"Pressetexte"},"content":{"rendered":"<h1>Prima-Presse- und Webtexte<br \/>\n<em>\u2013 originell, kreativ, leidenschaftlich, treffend<\/em><\/h1>\n<p style=\"text-align: left;\" align=\"center\"><em><br \/>\nSie wollen, dass der richtige Ton f\u00fcr Ihre<\/em><br \/>\n<em> <strong><a title=\"Prima-Webtexte\" href=\"https:\/\/prima-presse.de\/?page_id=890\">Homepage<\/a>, <a title=\"prima-pressemeldungen\" href=\"https:\/\/prima-presse.de\/?page_id=162\">Pressemeldung<\/a>, <a href=\"https:\/\/prima-presse.de\/?page_id=200\">Presseinformation<\/a>, <a title=\"Prima-Produktinfo\" href=\"https:\/\/prima-presse.de\/?page_id=214\">Produktinfo<\/a>, <a title=\"Prima-K\u00fcnstlerbiografien\" href=\"https:\/\/prima-presse.de\/?page_id=226\">K\u00fcnstlerbiografie<\/a><br \/>\n<\/strong>oder eine ganze<strong> <a title=\"Prima-Pressemappe\" href=\"https:\/\/prima-presse.de\/?page_id=239\">Pressemappe<\/a><\/strong><\/em> <em>getroffen wird?<\/em><\/p>\n<p>&nbsp;<\/p>\n<p style=\"text-align: left;\" align=\"center\">Prima-Presse ist spezialisiert auf bunte Themen aus der Medienwelt und hat das richtige Gesp\u00fcr f\u00fcr Ihren K\u00fcnstler und\/oder das Produkt. Prima-Presse findet f\u00fcr Sie die richtigen Worte und r\u00fcckt K\u00fcnstler, Marke oder Medien(Buch, CD, DVD, Spiel) ins rechte Licht und damit in den Fokus der Pressewelt. Mit Prima-Pressetexten findet Ihr Thema Beachtung bei Journalisten und Redakteuren.<\/p>\n<p>Eine weitere Spezialit\u00e4t des Hauses ist, Sie bei den Texten zu Ihrer Homepage zu unterst\u00fctzen. Was Prima-Presse in den K\u00fcnstlerbiografien gelingt, n\u00e4mlich das einmalige an der jeweiligen Person herauszuarbeiten, schafft Prima-Presse auch f\u00fcr Ihren Internetauftritt und macht diesen zu etwas ganz besonderen.<\/p>\n","protected":false},"excerpt":{"rendered":"<p>Prima-Presse- und Webtexte \u2013 originell, kreativ, leidenschaftlich, treffend Sie wollen, dass der richtige Ton f\u00fcr Ihre Homepage, Pressemeldung, Presseinformation, Produktinfo, K\u00fcnstlerbiografie oder eine ganze Pressemappe getroffen wird? &nbsp; Prima-Presse ist spezialisiert auf bunte Themen aus der Medienwelt und hat das richtige Gesp\u00fcr f\u00fcr Ihren K\u00fcnstler und\/oder das Produkt. Prima-Presse findet f\u00fcr Sie die richtigen Worte [&hellip;]<\/p>\n","protected":false},"author":2,"featured_media":0,"parent":80,"menu_order":0,"comment_status":"open","ping_status":"open","template":"","meta":{"footnotes":""},"_links":{"self":[{"href":"https:\/\/prima-presse.de\/index.php?rest_route=\/wp\/v2\/pages\/32"}],"collection":[{"href":"https:\/\/prima-presse.de\/index.php?rest_route=\/wp\/v2\/pages"}],"about":[{"href":"https:\/\/prima-presse.de\/index.php?rest_route=\/wp\/v2\/types\/page"}],"author":[{"embeddable":true,"href":"https:\/\/prima-presse.de\/index.php?rest_route=\/wp\/v2\/users\/2"}],"replies":[{"embeddable":true,"href":"https:\/\/prima-presse.de\/index.php?rest_route=%2Fwp%2Fv2%2Fcomments&post=32"}],"version-history":[{"count":39,"href":"https:\/\/prima-presse.de\/index.php?rest_route=\/wp\/v2\/pages\/32\/revisions"}],"predecessor-version":[{"id":79,"href":"https:\/\/prima-presse.de\/index.php?rest_route=\/wp\/v2\/pages\/32\/revisions\/79"}],"up":[{"embeddable":true,"href":"https:\/\/prima-presse.de\/index.php?rest_route=\/wp\/v2\/pages\/80"}],"wp:attachment":[{"href":"https:\/\/prima-presse.de\/index.php?rest_route=%2Fwp%2Fv2%2Fmedia&parent=32"}],"curies":[{"name":"wp","href":"https:\/\/api.w.org\/{rel}","templated":true}]}}