{"id":36,"date":"2012-07-02T07:28:16","date_gmt":"2012-07-02T07:28:16","guid":{"rendered":"http:\/\/wp.dipxx.com\/?page_id=36"},"modified":"2018-06-07T11:26:43","modified_gmt":"2018-06-07T11:26:43","slug":"kontaktimpressum","status":"publish","type":"page","link":"https:\/\/prima-presse.de\/?page_id=36","title":{"rendered":"Kontakt\/Impressum"},"content":{"rendered":"<h1>Impressum<\/h1>\n<p><strong>Prima-Presse<\/strong><\/p>\n<p><strong>Sibylle Gassner<\/strong><br \/>\nAutorin, Journalistin, PR-Managerin<br \/>\nMax-Brauer-Allee 185<br \/>\n22765 Hamburg<\/p>\n<p>Tel. +49(0)40 3866 8960<br \/>\nFax: +49(0)40&nbsp;3866 8047<br \/>\nEmail: <a href=\"mailto:info@prima-presse.de\">info@prima-presse.de<\/a><\/p>\n<p>Umsatzsteuer Identifikations-Nr.: DE 192 172 057<\/p>\n<p>F\u00fcr den Inhalt der verlinkten Seiten sind ausschlie\u00dflich deren Betreiber verantwortlich.<\/p>\n<p>&nbsp;<\/p>\n<p><a href=\"https:\/\/prima-presse.de\/?page_id=1621\">Datenschutzerkl\u00e4rung<\/a><\/p>\n<p>&nbsp;<\/p>\n<p>&nbsp;<\/p>\n<p>&nbsp;<\/p>\n<p><small style=\"color: silver;\">Layout based on <a style=\"color: silver;\" href=\"http:\/\/yaml.de\" target=\"_blank\" rel=\"noopener\">YAML<\/a><\/small><\/p>\n","protected":false},"excerpt":{"rendered":"<p>Impressum Prima-Presse Sibylle Gassner Autorin, Journalistin, PR-Managerin Max-Brauer-Allee 185 22765 Hamburg Tel. +49(0)40 3866 8960 Fax: +49(0)40&nbsp;3866 8047 Email: info@prima-presse.de Umsatzsteuer Identifikations-Nr.: DE 192 172 057 F\u00fcr den Inhalt der verlinkten Seiten sind ausschlie\u00dflich deren Betreiber verantwortlich. &nbsp; Datenschutzerkl\u00e4rung &nbsp; &nbsp; &nbsp; Layout based on YAML<\/p>\n","protected":false},"author":2,"featured_media":0,"parent":0,"menu_order":10,"comment_status":"open","ping_status":"open","template":"","meta":{"footnotes":""},"_links":{"self":[{"href":"https:\/\/prima-presse.de\/index.php?rest_route=\/wp\/v2\/pages\/36"}],"collection":[{"href":"https:\/\/prima-presse.de\/index.php?rest_route=\/wp\/v2\/pages"}],"about":[{"href":"https:\/\/prima-presse.de\/index.php?rest_route=\/wp\/v2\/types\/page"}],"author":[{"embeddable":true,"href":"https:\/\/prima-presse.de\/index.php?rest_route=\/wp\/v2\/users\/2"}],"replies":[{"embeddable":true,"href":"https:\/\/prima-presse.de\/index.php?rest_route=%2Fwp%2Fv2%2Fcomments&post=36"}],"version-history":[{"count":13,"href":"https:\/\/prima-presse.de\/index.php?rest_route=\/wp\/v2\/pages\/36\/revisions"}],"predecessor-version":[{"id":1623,"href":"https:\/\/prima-presse.de\/index.php?rest_route=\/wp\/v2\/pages\/36\/revisions\/1623"}],"wp:attachment":[{"href":"https:\/\/prima-presse.de\/index.php?rest_route=%2Fwp%2Fv2%2Fmedia&parent=36"}],"curies":[{"name":"wp","href":"https:\/\/api.w.org\/{rel}","templated":true}]}}