{"id":407,"date":"2012-09-04T10:58:46","date_gmt":"2012-09-04T10:58:46","guid":{"rendered":"http:\/\/wp.dipxx.com\/?page_id=407"},"modified":"2012-09-11T12:21:46","modified_gmt":"2012-09-11T12:21:46","slug":"janosch","status":"publish","type":"page","link":"https:\/\/prima-presse.de\/?page_id=407","title":{"rendered":"Janosch"},"content":{"rendered":"<h1>Prima-Pressearbeit<br \/>\n<em>\u2013 intelligent,\u00a0 erfolgreich, \u00fcberregional, auflagenstark<\/em><\/h1>\n<p><strong>Kinderthemen aller Art &#8211; Janosch<\/strong><br \/>\n2008 zelebrierte die legend\u00e4re Janosch Figur Tigerente ihren 30sten Geburtstag. Um das kultige Spielzeuggef\u00e4hrt breit in den Medien feiern zu lassen, sicherte sich die Janosch Film und Medien AG die Unterst\u00fctzung von Prima-Presse. Rund 16 Mio. mal fand sich das Tigerentenlogos in den Print-Medien wieder. Neben der Tagespresse, lie\u00dfen es sich aber auch\u00a0 Fernseh-, Frauen-, Familien- Kinder- und Teenie-Zeitschriften nicht nehmen, einem getigerten Holzspielzeug zu gratulieren.<\/p>\n<p>2011 wurde die Zusammenarbeit zwischen Janosch Film und Medien AG und Prima-Presse erfolgreiche fortgesetzt. Janosch, der Meister selbst, feierte seinen 80sten Geburtstag. Ihm zu Ehren ver\u00f6ffentlichte der Vehlingverlag \u201eDas geniale Janosch Nudelkochbuch\u201c und etwas sp\u00e4ter im Jahr \u201eDie geniale Janosch B\u00e4ckerei\u201c. Geburtstag und Kochbuch erreichten 64 Mio. Kontakte\u00a0 nur im Print, das Backbuch schaffte es auch ohne den Jubilar auf 58. Mio. Print-Kontakte.<\/p>\n","protected":false},"excerpt":{"rendered":"<p>Prima-Pressearbeit \u2013 intelligent,\u00a0 erfolgreich, \u00fcberregional, auflagenstark Kinderthemen aller Art &#8211; Janosch 2008 zelebrierte die legend\u00e4re Janosch Figur Tigerente ihren 30sten Geburtstag. Um das kultige Spielzeuggef\u00e4hrt breit in den Medien feiern zu lassen, sicherte sich die Janosch Film und Medien AG die Unterst\u00fctzung von Prima-Presse. Rund 16 Mio. mal fand sich das Tigerentenlogos in den Print-Medien [&hellip;]<\/p>\n","protected":false},"author":2,"featured_media":0,"parent":278,"menu_order":0,"comment_status":"open","ping_status":"open","template":"","meta":{"footnotes":""},"_links":{"self":[{"href":"https:\/\/prima-presse.de\/index.php?rest_route=\/wp\/v2\/pages\/407"}],"collection":[{"href":"https:\/\/prima-presse.de\/index.php?rest_route=\/wp\/v2\/pages"}],"about":[{"href":"https:\/\/prima-presse.de\/index.php?rest_route=\/wp\/v2\/types\/page"}],"author":[{"embeddable":true,"href":"https:\/\/prima-presse.de\/index.php?rest_route=\/wp\/v2\/users\/2"}],"replies":[{"embeddable":true,"href":"https:\/\/prima-presse.de\/index.php?rest_route=%2Fwp%2Fv2%2Fcomments&post=407"}],"version-history":[{"count":6,"href":"https:\/\/prima-presse.de\/index.php?rest_route=\/wp\/v2\/pages\/407\/revisions"}],"predecessor-version":[{"id":461,"href":"https:\/\/prima-presse.de\/index.php?rest_route=\/wp\/v2\/pages\/407\/revisions\/461"}],"up":[{"embeddable":true,"href":"https:\/\/prima-presse.de\/index.php?rest_route=\/wp\/v2\/pages\/278"}],"wp:attachment":[{"href":"https:\/\/prima-presse.de\/index.php?rest_route=%2Fwp%2Fv2%2Fmedia&parent=407"}],"curies":[{"name":"wp","href":"https:\/\/api.w.org\/{rel}","templated":true}]}}