{"id":410,"date":"2012-09-04T11:00:19","date_gmt":"2012-09-04T11:00:19","guid":{"rendered":"http:\/\/wp.dipxx.com\/?page_id=410"},"modified":"2012-09-04T17:23:48","modified_gmt":"2012-09-04T17:23:48","slug":"410-2","status":"publish","type":"page","link":"https:\/\/prima-presse.de\/?page_id=410","title":{"rendered":"Volker Rosin"},"content":{"rendered":"<h1>Prima-Pressearbeit<br \/>\n<em>\u2013 intelligent,\u00a0 erfolgreich, \u00fcberregional, auflagenstark<\/em><\/h1>\n<p><strong>Kinderthemen aller Art &#8211; Volker Rosin<\/strong><br \/>\nVolker Rosin ist der unumstrittene \u201eK\u00f6nig der Kinderdisco\u201c. Er ist der Erfinder des KiKa-Tanzalarms und seit \u00fcber 30 Jahren aktiv. Er hat \u00fcber 30 Alben ver\u00f6ffentlicht, mehr als drei Millionen Tontr\u00e4ger und \u00fcber eine halbe Million Spiel- und Liederb\u00fccher verkauft. Seit 2005 unterst\u00fctzt Prima-Presse die Album und DVD Ver\u00f6ffentlichungen von Volker Rosin und findet etliche alte und noch viel mehr\u00a0 neue Fans in der Presse und koordiniert \u00fcber dies die Interview-Anfragen des K\u00fcnstlers.\u00a0 Bereits zum neunten Mal ist Prima-Presse f\u00fcr Volker Rosin im Promotion- Einsatz und das mit stetigem und steigendem Elan. Schlie\u00dflich sorgt der K\u00fcnstler selbst immer wieder mit seinen neuen Alben f\u00fcr Schwung und gute Laune.\u00a0 Au\u00dferdem ist Volker Rosin ein Garant f\u00fcr positive Presse. Entweder wird ihm eine goldene Schalplatte verliehen, oder er feiert 30j\u00e4hriges B\u00fchnenjubil\u00e4um, oder es wir ihm eine ganz besondere Ehre zu Teil:\u00a0\u00a0 Die St\u00e4dtische Gemeinschaftsgrundschule Arnstadter Weg\u00a0 in D\u00fcsseldorf hat sich im Juni 2010 auf Wunsch der Sch\u00fcler, Eltern und P\u00e4dagogen in Volker Rosin Schule umbenannt.<\/p>\n","protected":false},"excerpt":{"rendered":"<p>Prima-Pressearbeit \u2013 intelligent,\u00a0 erfolgreich, \u00fcberregional, auflagenstark Kinderthemen aller Art &#8211; Volker Rosin Volker Rosin ist der unumstrittene \u201eK\u00f6nig der Kinderdisco\u201c. Er ist der Erfinder des KiKa-Tanzalarms und seit \u00fcber 30 Jahren aktiv. Er hat \u00fcber 30 Alben ver\u00f6ffentlicht, mehr als drei Millionen Tontr\u00e4ger und \u00fcber eine halbe Million Spiel- und Liederb\u00fccher verkauft. Seit 2005 unterst\u00fctzt [&hellip;]<\/p>\n","protected":false},"author":2,"featured_media":0,"parent":278,"menu_order":0,"comment_status":"open","ping_status":"open","template":"","meta":{"footnotes":""},"_links":{"self":[{"href":"https:\/\/prima-presse.de\/index.php?rest_route=\/wp\/v2\/pages\/410"}],"collection":[{"href":"https:\/\/prima-presse.de\/index.php?rest_route=\/wp\/v2\/pages"}],"about":[{"href":"https:\/\/prima-presse.de\/index.php?rest_route=\/wp\/v2\/types\/page"}],"author":[{"embeddable":true,"href":"https:\/\/prima-presse.de\/index.php?rest_route=\/wp\/v2\/users\/2"}],"replies":[{"embeddable":true,"href":"https:\/\/prima-presse.de\/index.php?rest_route=%2Fwp%2Fv2%2Fcomments&post=410"}],"version-history":[{"count":5,"href":"https:\/\/prima-presse.de\/index.php?rest_route=\/wp\/v2\/pages\/410\/revisions"}],"predecessor-version":[{"id":418,"href":"https:\/\/prima-presse.de\/index.php?rest_route=\/wp\/v2\/pages\/410\/revisions\/418"}],"up":[{"embeddable":true,"href":"https:\/\/prima-presse.de\/index.php?rest_route=\/wp\/v2\/pages\/278"}],"wp:attachment":[{"href":"https:\/\/prima-presse.de\/index.php?rest_route=%2Fwp%2Fv2%2Fmedia&parent=410"}],"curies":[{"name":"wp","href":"https:\/\/api.w.org\/{rel}","templated":true}]}}