{"id":451,"date":"2012-09-04T16:42:37","date_gmt":"2012-09-04T16:42:37","guid":{"rendered":"http:\/\/wp.dipxx.com\/?page_id=451"},"modified":"2012-09-11T12:22:04","modified_gmt":"2012-09-11T12:22:04","slug":"kinderspiel-des-jahres","status":"publish","type":"page","link":"https:\/\/prima-presse.de\/?page_id=451","title":{"rendered":"Kinderspiel des Jahres"},"content":{"rendered":"<h1><a href=\"https:\/\/prima-presse.de\/wp-content\/uploads\/2012\/09\/KinderSpielGross.jpg\"><img loading=\"lazy\" decoding=\"async\" class=\" wp-image-455 alignright\" title=\"KinderSpielGross\" src=\"https:\/\/prima-presse.de\/wp-content\/uploads\/2012\/09\/KinderSpielGross-267x300.jpg\" alt=\"\" width=\"214\" height=\"240\" srcset=\"https:\/\/prima-presse.de\/wp-content\/uploads\/2012\/09\/KinderSpielGross-267x300.jpg 267w, https:\/\/prima-presse.de\/wp-content\/uploads\/2012\/09\/KinderSpielGross.jpg 445w\" sizes=\"(max-width: 214px) 100vw, 214px\" \/><\/a>Prima-Pressearbeit<br \/>\n<em>\u2013 intelligent,\u00a0 erfolgreich, \u00fcberregional, auflagenstark<\/em><\/h1>\n<p>Als das <strong>Kinderspiel des Jahres<\/strong> 10 Jahre alt wurde, spendierte die Jury\u00a0 dem weltweit wichtigsten Preis f\u00fcr Kinderspiele erstmals eine eigene Veranstaltung. Zu Recht: Denn die Auszeichnung ist mittlerweile genauso popul\u00e4r wie ihr gro\u00dfer Bruder \u201eSpiel des Jahres\u201c. Bis dato wurden die beiden Siegerspiele gemeinsam in Berlin gek\u00fcrt. Seit 2010 bekommt das \u201eKinderspiel des Jahres\u201c in Hamburg\u00a0 seinen eigenen Auftritt, mit einer rundum sch\u00f6nen wie kurzweiligen Preisverleihung im Hotel Atlantic. Regionale- wie \u00fcberregionale Berichterstattung in Radio-, TV- und Printmedien waren der Dank. F\u00fcr die gro\u00dfe Medienpr\u00e4senz bedankt sich wiederum Prima-Presse, die seit 2010 f\u00fcr die Pressebetreuung verantwortlich zeichnet.<\/p>\n","protected":false},"excerpt":{"rendered":"<p>Prima-Pressearbeit \u2013 intelligent,\u00a0 erfolgreich, \u00fcberregional, auflagenstark Als das Kinderspiel des Jahres 10 Jahre alt wurde, spendierte die Jury\u00a0 dem weltweit wichtigsten Preis f\u00fcr Kinderspiele erstmals eine eigene Veranstaltung. Zu Recht: Denn die Auszeichnung ist mittlerweile genauso popul\u00e4r wie ihr gro\u00dfer Bruder \u201eSpiel des Jahres\u201c. Bis dato wurden die beiden Siegerspiele gemeinsam in Berlin gek\u00fcrt. Seit [&hellip;]<\/p>\n","protected":false},"author":2,"featured_media":0,"parent":278,"menu_order":0,"comment_status":"open","ping_status":"open","template":"","meta":{"footnotes":""},"_links":{"self":[{"href":"https:\/\/prima-presse.de\/index.php?rest_route=\/wp\/v2\/pages\/451"}],"collection":[{"href":"https:\/\/prima-presse.de\/index.php?rest_route=\/wp\/v2\/pages"}],"about":[{"href":"https:\/\/prima-presse.de\/index.php?rest_route=\/wp\/v2\/types\/page"}],"author":[{"embeddable":true,"href":"https:\/\/prima-presse.de\/index.php?rest_route=\/wp\/v2\/users\/2"}],"replies":[{"embeddable":true,"href":"https:\/\/prima-presse.de\/index.php?rest_route=%2Fwp%2Fv2%2Fcomments&post=451"}],"version-history":[{"count":7,"href":"https:\/\/prima-presse.de\/index.php?rest_route=\/wp\/v2\/pages\/451\/revisions"}],"predecessor-version":[{"id":646,"href":"https:\/\/prima-presse.de\/index.php?rest_route=\/wp\/v2\/pages\/451\/revisions\/646"}],"up":[{"embeddable":true,"href":"https:\/\/prima-presse.de\/index.php?rest_route=\/wp\/v2\/pages\/278"}],"wp:attachment":[{"href":"https:\/\/prima-presse.de\/index.php?rest_route=%2Fwp%2Fv2%2Fmedia&parent=451"}],"curies":[{"name":"wp","href":"https:\/\/api.w.org\/{rel}","templated":true}]}}