{"id":546,"date":"2012-09-06T11:54:28","date_gmt":"2012-09-06T11:54:28","guid":{"rendered":"http:\/\/wp.dipxx.com\/?page_id=546"},"modified":"2012-09-11T12:21:19","modified_gmt":"2012-09-11T12:21:19","slug":"die-moffels","status":"publish","type":"page","link":"https:\/\/prima-presse.de\/?page_id=546","title":{"rendered":"Die Moffels"},"content":{"rendered":"<h1>Prima-Pressearbeit<br \/>\n<em>\u2013 intelligent,\u00a0 erfolgreich, \u00fcberregional, auflagenstark<\/em><\/h1>\n<p><strong>Kinderthemen aller Art &#8211; Die Moffels<\/strong><\/p>\n<p>Ende 2011 hat der Funkturmverlag Die Moffels, eine Serie aus \u201eUnser Sandm\u00e4nnchen\u201c,\u00a0 erstmals aufwendig und liebevoll zu H\u00f6rspielen umgearbeitet. Als Erz\u00e4hlerin und S\u00e4ngerin des Titelsongs konnte Heike Makatsch gewonnen werden, die beide Aufgaben mit einf\u00fchlsamer Hingabe meistert. Im viertelj\u00e4hrlichen Abstand folgen neue CD Ver\u00f6ffentlichungen, die regelm\u00e4\u00dfig von Prima-Presse unterst\u00fctzt werden. Die H\u00f6rspiel-Premiere fand\u00a0 Anklang in allen gro\u00dfen TV Zeitschriften, Eltern- und Familien-Magazinen, sowie auf den\u00a0 Kinderseiten der Tageszeitungen.\u00a0 Aber auch die Folge Ver\u00f6ffentlichungen d\u00fcrfen sich \u00fcber gro\u00dfes Interesse seitens der Presse freuen, haben sich \u201eDie Moffels\u201c doch derweil\u00a0 mit 1,3 Mio. Zuschauern im Schnitt zur beliebtesten Produktion innerhalb &#8222;Unseres Sandm\u00e4nnchens&#8220; gemausert.<\/p>\n","protected":false},"excerpt":{"rendered":"<p>Prima-Pressearbeit \u2013 intelligent,\u00a0 erfolgreich, \u00fcberregional, auflagenstark Kinderthemen aller Art &#8211; Die Moffels Ende 2011 hat der Funkturmverlag Die Moffels, eine Serie aus \u201eUnser Sandm\u00e4nnchen\u201c,\u00a0 erstmals aufwendig und liebevoll zu H\u00f6rspielen umgearbeitet. Als Erz\u00e4hlerin und S\u00e4ngerin des Titelsongs konnte Heike Makatsch gewonnen werden, die beide Aufgaben mit einf\u00fchlsamer Hingabe meistert. Im viertelj\u00e4hrlichen Abstand folgen neue CD [&hellip;]<\/p>\n","protected":false},"author":2,"featured_media":0,"parent":278,"menu_order":0,"comment_status":"closed","ping_status":"closed","template":"","meta":{"footnotes":""},"_links":{"self":[{"href":"https:\/\/prima-presse.de\/index.php?rest_route=\/wp\/v2\/pages\/546"}],"collection":[{"href":"https:\/\/prima-presse.de\/index.php?rest_route=\/wp\/v2\/pages"}],"about":[{"href":"https:\/\/prima-presse.de\/index.php?rest_route=\/wp\/v2\/types\/page"}],"author":[{"embeddable":true,"href":"https:\/\/prima-presse.de\/index.php?rest_route=\/wp\/v2\/users\/2"}],"replies":[{"embeddable":true,"href":"https:\/\/prima-presse.de\/index.php?rest_route=%2Fwp%2Fv2%2Fcomments&post=546"}],"version-history":[{"count":3,"href":"https:\/\/prima-presse.de\/index.php?rest_route=\/wp\/v2\/pages\/546\/revisions"}],"predecessor-version":[{"id":644,"href":"https:\/\/prima-presse.de\/index.php?rest_route=\/wp\/v2\/pages\/546\/revisions\/644"}],"up":[{"embeddable":true,"href":"https:\/\/prima-presse.de\/index.php?rest_route=\/wp\/v2\/pages\/278"}],"wp:attachment":[{"href":"https:\/\/prima-presse.de\/index.php?rest_route=%2Fwp%2Fv2%2Fmedia&parent=546"}],"curies":[{"name":"wp","href":"https:\/\/api.w.org\/{rel}","templated":true}]}}