{"id":549,"date":"2012-09-06T11:56:33","date_gmt":"2012-09-06T11:56:33","guid":{"rendered":"http:\/\/wp.dipxx.com\/?page_id=549"},"modified":"2012-09-11T12:22:40","modified_gmt":"2012-09-11T12:22:40","slug":"point-whitmark","status":"publish","type":"page","link":"https:\/\/prima-presse.de\/?page_id=549","title":{"rendered":"Point Whitmark"},"content":{"rendered":"<h1>Prima-Pressearbeit<br \/>\n<em>\u2013 intelligent,\u00a0 erfolgreich, \u00fcberregional, auflagenstark<\/em><\/h1>\n<p><strong>Kinderthemen aller Art &#8211; Point Whitmark<br \/>\n<\/strong><\/p>\n<p>Point Whitmark, eine der erfolgreichsten Krimi-H\u00f6rspielserien f\u00fcr Kinder und Jugendliche in Deutschland, hat sich mit \u00fcber 2 Mio. verkauften Tontr\u00e4gen als feste Gr\u00f6\u00dfe etabliert. Seit 2000, als Point Whitmark aus der Taufe gehoben wurde, ist Prima-Presse f\u00fcr die Serie im Einsatz. Produzent, Regisseur, Komponist und Autor Volker Sassenberg, schafft immer wieder wunderbare Anl\u00e4sse f\u00fcr Prima-Pressemeldungen, denn Point Whitmark ist bei Publikum und Kritik gleicherma\u00dfen beliebt. Seit 2003 bis heute bekam die Serie gleich 13 Mal den H\u00f6rspiel Award in Gold vom Publikum und sieben Mal von der Kritik zugedacht. 2011 wurden Volker Sassenberg, eine besondere Ehre zu Teil.\u00a0 Seine Serie erhielt den H\u00f6rspiel Award f\u00fcr die beste H\u00f6rspielmusik des Jahrzehnts und f\u00fcr die beste H\u00f6rspielregie des Jahrzehnts.\u00a0 Sassenberg dankt es\u00a0 Fans und Kritik mit einem gleichbleibend hohen Niveau einer jeden Folge.<\/p>\n","protected":false},"excerpt":{"rendered":"<p>Prima-Pressearbeit \u2013 intelligent,\u00a0 erfolgreich, \u00fcberregional, auflagenstark Kinderthemen aller Art &#8211; Point Whitmark Point Whitmark, eine der erfolgreichsten Krimi-H\u00f6rspielserien f\u00fcr Kinder und Jugendliche in Deutschland, hat sich mit \u00fcber 2 Mio. verkauften Tontr\u00e4gen als feste Gr\u00f6\u00dfe etabliert. Seit 2000, als Point Whitmark aus der Taufe gehoben wurde, ist Prima-Presse f\u00fcr die Serie im Einsatz. Produzent, Regisseur, [&hellip;]<\/p>\n","protected":false},"author":2,"featured_media":0,"parent":278,"menu_order":0,"comment_status":"closed","ping_status":"closed","template":"","meta":{"footnotes":""},"_links":{"self":[{"href":"https:\/\/prima-presse.de\/index.php?rest_route=\/wp\/v2\/pages\/549"}],"collection":[{"href":"https:\/\/prima-presse.de\/index.php?rest_route=\/wp\/v2\/pages"}],"about":[{"href":"https:\/\/prima-presse.de\/index.php?rest_route=\/wp\/v2\/types\/page"}],"author":[{"embeddable":true,"href":"https:\/\/prima-presse.de\/index.php?rest_route=\/wp\/v2\/users\/2"}],"replies":[{"embeddable":true,"href":"https:\/\/prima-presse.de\/index.php?rest_route=%2Fwp%2Fv2%2Fcomments&post=549"}],"version-history":[{"count":2,"href":"https:\/\/prima-presse.de\/index.php?rest_route=\/wp\/v2\/pages\/549\/revisions"}],"predecessor-version":[{"id":647,"href":"https:\/\/prima-presse.de\/index.php?rest_route=\/wp\/v2\/pages\/549\/revisions\/647"}],"up":[{"embeddable":true,"href":"https:\/\/prima-presse.de\/index.php?rest_route=\/wp\/v2\/pages\/278"}],"wp:attachment":[{"href":"https:\/\/prima-presse.de\/index.php?rest_route=%2Fwp%2Fv2%2Fmedia&parent=549"}],"curies":[{"name":"wp","href":"https:\/\/api.w.org\/{rel}","templated":true}]}}