{"id":556,"date":"2012-09-06T12:03:21","date_gmt":"2012-09-06T12:03:21","guid":{"rendered":"http:\/\/wp.dipxx.com\/?page_id=556"},"modified":"2012-09-11T12:20:40","modified_gmt":"2012-09-11T12:20:40","slug":"556-2","status":"publish","type":"page","link":"https:\/\/prima-presse.de\/?page_id=556","title":{"rendered":"Der kleine K\u00f6nig"},"content":{"rendered":"<h1>Prima-Pressearbeit<br \/>\n<em>\u2013 intelligent,\u00a0 erfolgreich, \u00fcberregional, auflagenstark<\/em><\/h1>\n<p><strong>Kinderthemen aller Art &#8211; Der kleine K\u00f6nig<\/strong><br \/>\nSeit 2004 ist Prima-Presse im Auftrag von Universal Family Entertainment Hofberichterstatterin vom kleinen K\u00f6nig und begleitet die H\u00f6rspiel-, DVD- und Liederalben-Ver\u00f6ffentlichungen des k\u00f6niglichen Drei-K\u00e4sehochs mit Hingabe. Diesem originellem Monarchen liegt Prima-Presse gerne zu F\u00fc\u00dfen und mehrt den Ruhm des Mini-Monarchen weit \u00fcber sein K\u00f6nigreich hinaus, in allen Presseorganen des Landes. Ebenso erfreulich wie fruchtbar ist auch die Zusammenarbeit mit der K\u00f6nigin Mutter, der Zeichnerin und Autorin Hedwig Munck und ihrem Ehemann, dem Trickfilmregisseur und Produzenten Andreas Munck. Gekr\u00f6nt wurde diese Zusammenarbeit im Januar 2009 als bei Universal Der kleine K\u00f6nig Award f\u00fcr eine Million verkaufter Audio &amp; Videotontr\u00e4ger allen, die an dem Erfolg beteiligt waren verliehen, wurde.<\/p>\n<div id=\"attachment_564\" style=\"width: 464px\" class=\"wp-caption alignleft\"><a href=\"https:\/\/prima-presse.de\/wp-content\/uploads\/2012\/09\/DKKAwardkr.jpg\"><img loading=\"lazy\" decoding=\"async\" aria-describedby=\"caption-attachment-564\" class=\"size-full wp-image-564 \" title=\"Der kleine K\u00f6nig\" src=\"https:\/\/prima-presse.de\/wp-content\/uploads\/2012\/09\/DKKAwardkr.jpg\" alt=\"\" width=\"454\" height=\"305\" srcset=\"https:\/\/prima-presse.de\/wp-content\/uploads\/2012\/09\/DKKAwardkr.jpg 454w, https:\/\/prima-presse.de\/wp-content\/uploads\/2012\/09\/DKKAwardkr-300x201.jpg 300w\" sizes=\"(max-width: 454px) 100vw, 454px\" \/><\/a><p id=\"caption-attachment-564\" class=\"wp-caption-text\">Bildunterschrift von links: D\u00f6rte Poschau (Product Manager Universal Music Family Entertainment), Andreas Maa\u00df (Senior Director Universal Music Family Entertainment), Hedwig Munck (Autorin und Zeichnerin ) &amp; Andreas Munck ( Regie und Produzent), Sibylle Gassner (Prima-Presse) und Hannes Wockert (Sales Marketing Manager Universal Music Vertrieb).<\/p><\/div>\n","protected":false},"excerpt":{"rendered":"<p>Prima-Pressearbeit \u2013 intelligent,\u00a0 erfolgreich, \u00fcberregional, auflagenstark Kinderthemen aller Art &#8211; Der kleine K\u00f6nig Seit 2004 ist Prima-Presse im Auftrag von Universal Family Entertainment Hofberichterstatterin vom kleinen K\u00f6nig und begleitet die H\u00f6rspiel-, DVD- und Liederalben-Ver\u00f6ffentlichungen des k\u00f6niglichen Drei-K\u00e4sehochs mit Hingabe. Diesem originellem Monarchen liegt Prima-Presse gerne zu F\u00fc\u00dfen und mehrt den Ruhm des Mini-Monarchen weit \u00fcber [&hellip;]<\/p>\n","protected":false},"author":2,"featured_media":0,"parent":278,"menu_order":0,"comment_status":"closed","ping_status":"closed","template":"","meta":{"footnotes":""},"_links":{"self":[{"href":"https:\/\/prima-presse.de\/index.php?rest_route=\/wp\/v2\/pages\/556"}],"collection":[{"href":"https:\/\/prima-presse.de\/index.php?rest_route=\/wp\/v2\/pages"}],"about":[{"href":"https:\/\/prima-presse.de\/index.php?rest_route=\/wp\/v2\/types\/page"}],"author":[{"embeddable":true,"href":"https:\/\/prima-presse.de\/index.php?rest_route=\/wp\/v2\/users\/2"}],"replies":[{"embeddable":true,"href":"https:\/\/prima-presse.de\/index.php?rest_route=%2Fwp%2Fv2%2Fcomments&post=556"}],"version-history":[{"count":8,"href":"https:\/\/prima-presse.de\/index.php?rest_route=\/wp\/v2\/pages\/556\/revisions"}],"predecessor-version":[{"id":568,"href":"https:\/\/prima-presse.de\/index.php?rest_route=\/wp\/v2\/pages\/556\/revisions\/568"}],"up":[{"embeddable":true,"href":"https:\/\/prima-presse.de\/index.php?rest_route=\/wp\/v2\/pages\/278"}],"wp:attachment":[{"href":"https:\/\/prima-presse.de\/index.php?rest_route=%2Fwp%2Fv2%2Fmedia&parent=556"}],"curies":[{"name":"wp","href":"https:\/\/api.w.org\/{rel}","templated":true}]}}