{"id":577,"date":"2012-09-06T12:16:17","date_gmt":"2012-09-06T12:16:17","guid":{"rendered":"http:\/\/wp.dipxx.com\/?page_id=577"},"modified":"2012-09-11T12:24:26","modified_gmt":"2012-09-11T12:24:26","slug":"tomte-tummetott-2","status":"publish","type":"page","link":"https:\/\/prima-presse.de\/?page_id=577","title":{"rendered":"Tomte Tummetott"},"content":{"rendered":"<h1>Prima-Pressebetreuung<br \/>\n<em> &#8211; von der ersten Idee bis zur Premiere Ihres Produkts<\/em><\/h1>\n<p><strong>Tomte Tummetott<\/strong> \u2013 von den Dreharbeiten bis zur Welturauff\u00fchrung<\/p>\n<p>Als Oetinger Media 2007 ihre erste Eigenproduktion verfilmte, holten sie sich in Sachen Pressearbeit Unterst\u00fctzung von au\u00dfen.\u00a0 Die Bilderb\u00fccher Tomte Tummetott\u00a0 von Astrid Lindgren wurden von dem Hamburger Animationsstudio Trikk 17 aufwendig im Stop-Motion Verfahren verfilmt.\u00a0 Prima-Presse durfte\u00a0 die Print-Medien wie auch die TV-Sender auf die seltene Produktion aufmerksam machen und die Presse am Set betreuen. Prima-Presse begleitete den Film bis zu seiner\u00a0 DVD Premiere,\u00a0 schrieb die Pressemappe und arbeitete nat\u00fcrlich auch das fertige Produkt.\u00a0 Alleine nur in den Print-Medien erreichte Prima-Presse\u00a062\u00a0Millionen Kontakte. Die DVD war innerhalb weniger Wochen vergriffen.<\/p>\n","protected":false},"excerpt":{"rendered":"<p>Prima-Pressebetreuung &#8211; von der ersten Idee bis zur Premiere Ihres Produkts Tomte Tummetott \u2013 von den Dreharbeiten bis zur Welturauff\u00fchrung Als Oetinger Media 2007 ihre erste Eigenproduktion verfilmte, holten sie sich in Sachen Pressearbeit Unterst\u00fctzung von au\u00dfen.\u00a0 Die Bilderb\u00fccher Tomte Tummetott\u00a0 von Astrid Lindgren wurden von dem Hamburger Animationsstudio Trikk 17 aufwendig im Stop-Motion Verfahren [&hellip;]<\/p>\n","protected":false},"author":2,"featured_media":0,"parent":296,"menu_order":0,"comment_status":"closed","ping_status":"closed","template":"","meta":{"footnotes":""},"_links":{"self":[{"href":"https:\/\/prima-presse.de\/index.php?rest_route=\/wp\/v2\/pages\/577"}],"collection":[{"href":"https:\/\/prima-presse.de\/index.php?rest_route=\/wp\/v2\/pages"}],"about":[{"href":"https:\/\/prima-presse.de\/index.php?rest_route=\/wp\/v2\/types\/page"}],"author":[{"embeddable":true,"href":"https:\/\/prima-presse.de\/index.php?rest_route=\/wp\/v2\/users\/2"}],"replies":[{"embeddable":true,"href":"https:\/\/prima-presse.de\/index.php?rest_route=%2Fwp%2Fv2%2Fcomments&post=577"}],"version-history":[{"count":2,"href":"https:\/\/prima-presse.de\/index.php?rest_route=\/wp\/v2\/pages\/577\/revisions"}],"predecessor-version":[{"id":651,"href":"https:\/\/prima-presse.de\/index.php?rest_route=\/wp\/v2\/pages\/577\/revisions\/651"}],"up":[{"embeddable":true,"href":"https:\/\/prima-presse.de\/index.php?rest_route=\/wp\/v2\/pages\/296"}],"wp:attachment":[{"href":"https:\/\/prima-presse.de\/index.php?rest_route=%2Fwp%2Fv2%2Fmedia&parent=577"}],"curies":[{"name":"wp","href":"https:\/\/api.w.org\/{rel}","templated":true}]}}