{"id":581,"date":"2012-09-06T12:17:14","date_gmt":"2012-09-06T12:17:14","guid":{"rendered":"http:\/\/wp.dipxx.com\/?page_id=581"},"modified":"2012-09-11T12:24:01","modified_gmt":"2012-09-11T12:24:01","slug":"die-lollipops-2","status":"publish","type":"page","link":"https:\/\/prima-presse.de\/?page_id=581","title":{"rendered":"Die Lollipops"},"content":{"rendered":"<h1>Prima-Pressebetreuung<br \/>\n<em> &#8211; von der ersten Idee bis zur Premiere Ihres Produkts<\/em><\/h1>\n<p><strong>Die Lollipops<\/strong> \u2013 vom Casting bis zur Goldenen Schallplatte<\/p>\n<p>Am liebsten bekommt Prima-Presse schon vor der Geburt eines\u00a0 Produktes ein Thema auf den Tisch. Bevor es das M\u00e4dchen-Duo Die Lollipops \u00fcberhaupt gab, rief Prima-Presse in den Medien zum Casting auf, betreute die Presse, wie auch die M\u00e4dchen-Band im Tonstudio, schrieb den Lollipops ihre erste und auch alle folgenden Biographien und promotete bis 2008 auch alle ihre Alben. Dreizehen davon gelangten f\u00fcr viele Wochen in die Media Control Album Charts, drei erreichten sogar die Top Ten. Insgesamt wurden bis Anfang 2008 1,5\u00a0Mio. (Bild-)Tontr\u00e4ger\u00a0 der Lollipops verkauft. Vier Gold- und eine Platinauszeichnung gingen auf das Konto des M\u00e4dchen-Acts. 2005 wurden sie gar f\u00fcr einen Echo in der Kategorie \u201eMusik-DVD\u201c neben Pop- und Rock-Gr\u00f6\u00dfen wie Die \u00c4rzte, Phil Collins und Queen nominiert.<\/p>\n","protected":false},"excerpt":{"rendered":"<p>Prima-Pressebetreuung &#8211; von der ersten Idee bis zur Premiere Ihres Produkts Die Lollipops \u2013 vom Casting bis zur Goldenen Schallplatte Am liebsten bekommt Prima-Presse schon vor der Geburt eines\u00a0 Produktes ein Thema auf den Tisch. Bevor es das M\u00e4dchen-Duo Die Lollipops \u00fcberhaupt gab, rief Prima-Presse in den Medien zum Casting auf, betreute die Presse, wie [&hellip;]<\/p>\n","protected":false},"author":2,"featured_media":0,"parent":296,"menu_order":0,"comment_status":"closed","ping_status":"closed","template":"","meta":{"footnotes":""},"_links":{"self":[{"href":"https:\/\/prima-presse.de\/index.php?rest_route=\/wp\/v2\/pages\/581"}],"collection":[{"href":"https:\/\/prima-presse.de\/index.php?rest_route=\/wp\/v2\/pages"}],"about":[{"href":"https:\/\/prima-presse.de\/index.php?rest_route=\/wp\/v2\/types\/page"}],"author":[{"embeddable":true,"href":"https:\/\/prima-presse.de\/index.php?rest_route=\/wp\/v2\/users\/2"}],"replies":[{"embeddable":true,"href":"https:\/\/prima-presse.de\/index.php?rest_route=%2Fwp%2Fv2%2Fcomments&post=581"}],"version-history":[{"count":2,"href":"https:\/\/prima-presse.de\/index.php?rest_route=\/wp\/v2\/pages\/581\/revisions"}],"predecessor-version":[{"id":650,"href":"https:\/\/prima-presse.de\/index.php?rest_route=\/wp\/v2\/pages\/581\/revisions\/650"}],"up":[{"embeddable":true,"href":"https:\/\/prima-presse.de\/index.php?rest_route=\/wp\/v2\/pages\/296"}],"wp:attachment":[{"href":"https:\/\/prima-presse.de\/index.php?rest_route=%2Fwp%2Fv2%2Fmedia&parent=581"}],"curies":[{"name":"wp","href":"https:\/\/api.w.org\/{rel}","templated":true}]}}