{"id":890,"date":"2013-06-05T16:30:05","date_gmt":"2013-06-05T16:30:05","guid":{"rendered":"http:\/\/prima-presse.de\/?page_id=890"},"modified":"2013-06-05T16:33:21","modified_gmt":"2013-06-05T16:33:21","slug":"prima-webtexte","status":"publish","type":"page","link":"https:\/\/prima-presse.de\/?page_id=890","title":{"rendered":"Prima-Webtexte"},"content":{"rendered":"<h1>Prima-Webtexte<\/h1>\n<p>Sind Sie dazu erzogen worden Ihr Licht unter den Scheffel zu stellen? Wissen Sie einfach nicht, wie sie es sagen sollen? Ersaufen Sie in der Flut von Informationen, die Sie auf Ihrer Homepage an den Mann bringen wollen?<\/p>\n<p>Prima-Presse sortiert und strukturiert den Wust und richtet Ihnen alle wichtigen Informationen zu gutverdaulichen H\u00e4ppchen an. Prima-Presse serviert appetitanregend Ihre Leistungen oder Produkte und arbeitet die Vielf\u00e4ltigkeit Ihres Men\u00fcs heraus. Mit wenigen, aber treffenden Worten gelingt es Prima-Presse Ihre Arbeitsweise verst\u00e4ndlich anzupreisen und den Geist oder die Philosophie Ihrer Firma klug zu transportieren. Prima-Presse hat ein gutes Gesp\u00fcr f\u00fcr den oder die Menschen, die dahinter stehen und skizziert diese mit sicherem und sch\u00f6nem Strich und rundet Ihre Homepage mit einem anziehenden Portrait ab.<\/p>\n","protected":false},"excerpt":{"rendered":"<p>Prima-Webtexte Sind Sie dazu erzogen worden Ihr Licht unter den Scheffel zu stellen? Wissen Sie einfach nicht, wie sie es sagen sollen? Ersaufen Sie in der Flut von Informationen, die Sie auf Ihrer Homepage an den Mann bringen wollen? Prima-Presse sortiert und strukturiert den Wust und richtet Ihnen alle wichtigen Informationen zu gutverdaulichen H\u00e4ppchen an. [&hellip;]<\/p>\n","protected":false},"author":2,"featured_media":0,"parent":32,"menu_order":0,"comment_status":"closed","ping_status":"closed","template":"","meta":{"footnotes":""},"_links":{"self":[{"href":"https:\/\/prima-presse.de\/index.php?rest_route=\/wp\/v2\/pages\/890"}],"collection":[{"href":"https:\/\/prima-presse.de\/index.php?rest_route=\/wp\/v2\/pages"}],"about":[{"href":"https:\/\/prima-presse.de\/index.php?rest_route=\/wp\/v2\/types\/page"}],"author":[{"embeddable":true,"href":"https:\/\/prima-presse.de\/index.php?rest_route=\/wp\/v2\/users\/2"}],"replies":[{"embeddable":true,"href":"https:\/\/prima-presse.de\/index.php?rest_route=%2Fwp%2Fv2%2Fcomments&post=890"}],"version-history":[{"count":3,"href":"https:\/\/prima-presse.de\/index.php?rest_route=\/wp\/v2\/pages\/890\/revisions"}],"predecessor-version":[{"id":894,"href":"https:\/\/prima-presse.de\/index.php?rest_route=\/wp\/v2\/pages\/890\/revisions\/894"}],"up":[{"embeddable":true,"href":"https:\/\/prima-presse.de\/index.php?rest_route=\/wp\/v2\/pages\/32"}],"wp:attachment":[{"href":"https:\/\/prima-presse.de\/index.php?rest_route=%2Fwp%2Fv2%2Fmedia&parent=890"}],"curies":[{"name":"wp","href":"https:\/\/api.w.org\/{rel}","templated":true}]}}